{"id":144,"date":"2015-01-16T22:02:10","date_gmt":"2015-01-16T22:02:10","guid":{"rendered":"http:\/\/totaltheme.wpengine.com\/portfolio\/?page_id=43"},"modified":"2021-05-25T13:18:58","modified_gmt":"2021-05-25T13:18:58","slug":"home-2","status":"publish","type":"page","link":"https:\/\/eluxeclima.com\/es\/","title":{"rendered":"Home"},"content":{"rendered":"<div class=\"wpb-content-wrapper\">[vc_row full_width=\u00bbstretch_row_content_no_spaces\u00bb remove_bottom_col_margin=\u00bbtrue\u00bb][vc_column]<div class=\"avt_masterslider_el \" >\n\t\t<!-- MasterSlider -->\n\t\t<div id=\"P_MS69e73299c0c91\" class=\"master-slider-parent ms-parent-id-5\"  >\n\n\t\t\t\n\t\t\t<!-- MasterSlider Main -->\n\t\t\t<div id=\"MS69e73299c0c91\" class=\"master-slider ms-skin-default\" >\n\t\t\t\t \t\t\t\t \n<div class=\"ms-overlay-layers\">\t\t\t\t\t<img decoding=\"async\"  class=\"ms-layer\" src=\"https:\/\/eluxeclima.com\/wp-content\/plugins\/masterslider_2\/public\/assets\/css\/blank.gif\" data-src=\"https:\/\/eluxeclima.com\/wp-content\/uploads\/2017\/03\/offroad-bg-slide1.jpg\" alt=\"\" style=\"\"     data-ease=\"easeOutQuint\"        data-type=\"image\"          data-wait=\"true\" data-offset-x=\"0\" data-offset-y=\"0\" data-origin=\"tl\"  \/>\n\n<\/div>\n\t\t\t<div  class=\"ms-slide\" data-delay=\"5\" data-fill-mode=\"fill\"  data-id=\"slide1\"  >\n\t\t\t\t\t<img decoding=\"async\" src=\"https:\/\/eluxeclima.com\/wp-content\/plugins\/masterslider_2\/public\/assets\/css\/blank.gif\" alt=\"\" title=\"offroad-bg-slide1\" data-src=\"https:\/\/eluxeclima.com\/wp-content\/uploads\/2021\/05\/split_amber_eluxeimage.jpg\" \/>\n\n\t\t\t\t\t<div  class=\"ms-layer  msp-cn-5-26\" style=\"\"   data-effect=\"t(true,100,n,n,n,n,n,n,n,n,n,n,n,n,n)\" data-duration=\"2000\" data-delay=\"800\" data-ease=\"easeOutQuint\"                data-offset-x=\"97\" data-offset-y=\"132\" data-origin=\"tl\"   >\n<div>CALIDAD DE AIRE<\/div><\/div>\n\n\t\t\t\t\t<div  class=\"ms-layer  msp-cn-5-28\" style=\"\"   data-effect=\"t(true,180,n,n,n,n,n,n,n,n,n,n,n,n,n)\" data-duration=\"2000\" data-delay=\"1200\" data-ease=\"easeOutQuint\"                data-offset-x=\"96\" data-offset-y=\"251\" data-origin=\"tl\"   >\nPARA EL HOGAR<\/div>\n\n\n\t\t\t\t<\/div>\n\n\t\t\t<\/div>\n\t\t\t<!-- END MasterSlider Main -->\n\n\t\t\t \n\t\t<\/div>\n\t\t<!-- END MasterSlider -->\n\n\t\t<script>\n\t\t( window.MSReady = window.MSReady || [] ).push( function( $ ) {\n\n\t\t\t\"use strict\";\n\t\t\tvar masterslider_0c91 = new MasterSlider();\n\n\t\t\t\/\/ slider controls\n\t\t\t\/\/ slider setup\n\t\t\tmasterslider_0c91.setup(\"MS69e73299c0c91\", {\n\t\t\t\twidth           : 1366,\n\t\t\t\theight          : 750,\n\t\t\t\tminHeight       : 0,\n\t\t\t\tspace           : 0,\n\t\t\t\tstart           : 1,\n\t\t\t\tgrabCursor      : false,\n\t\t\t\tswipe           : false,\n\t\t\t\tmouse           : false,\n\t\t\t\tkeyboard        : false,\n\t\t\t\tlayout          : \"fullwidth\",\n\t\t\t\twheel           : false,\n\t\t\t\tautoplay        : false,\n                instantStartLayers:false,\n\t\t\t\tmobileBGVideo:false,\n\t\t\t\tloop            : true,\n\t\t\t\tshuffle         : false,\n\t\t\t\tpreload         : 0,\n\t\t\t\theightLimit     : true,\n\t\t\t\tautoHeight      : false,\n\t\t\t\tsmoothHeight    : true,\n\t\t\t\tendPause        : true,\n\t\t\t\toverPause       : true,\n\t\t\t\tfillMode        : \"fill\",\n\t\t\t\tcenterControls  : false,\n\t\t\t\tstartOnAppear   : false,\n\t\t\t\tlayersMode      : \"center\",\n\t\t\t\tautofillTarget  : \"\",\n\t\t\t\thideLayers      : false,\n\t\t\t\tfullscreenMargin: 0,\n\t\t\t\tspeed           : 20,\n\t\t\t\tdir             : \"h\",\n\t\t\t\tresponsive      : true,\n\t\t\t\ttabletWidth     : 768,\n\t\t\t\ttabletHeight    : null,\n\t\t\t\tphoneWidth      : 480,\n\t\t\t\tphoneHeight    : null,\n\t\t\t\tsizingReference : window,\n\t\t\t\tparallaxMode    : 'swipe',\n\t\t\t\tview            : \"parallaxMask\"\n\t\t\t});\n\n\t\t\t\n\t\t\t$(\"head\").append( \"<link rel='stylesheet' id='ms-fonts'  href='\/\/fonts.googleapis.com\/css?family=Oswald:600,200' type='text\/css' media='all' \/>\" );\n\n\t\t\twindow.masterslider_instances = window.masterslider_instances || [];\n\t\t\twindow.masterslider_instances.push( masterslider_0c91 );\n\t\t});\n\t\t<\/script>\n\n<\/div>[\/vc_column][\/vc_row][vc_row column_spacing=\u00bb60&#8243; gap=\u00bb35&#8243; css=\u00bb.vc_custom_1620214199855{padding-top: 60px !important;padding-bottom: 20px !important;}\u00bb][vc_column width=\u00bb1\/2&#8243;][vc_custom_heading text=\u00bbEluxe Clima, para mejorar la climatizaci\u00f3n de tu hogar\u00bb font_container=\u00bbtag:h1|text_align:left\u00bb use_theme_fonts=\u00bbyes\u00bb][vc_empty_space][vc_column_text]\n<div class=\"elementor-column elementor-col-33 elementor-inner-column elementor-element elementor-element-928182a\" data-id=\"928182a\" data-element_type=\"column\">\n<div class=\"elementor-column-wrap elementor-element-populated\">\n<div class=\"elementor-widget-wrap\">\n<div class=\"elementor-element elementor-element-59f9a77 elementor-widget elementor-widget-text-editor\" data-id=\"59f9a77\" data-element_type=\"widget\" data-widget_type=\"text-editor.default\">\n<div class=\"elementor-widget-container\">\n<div class=\"elementor-text-editor elementor-clearfix\">\n<p>El aire es fundamental para nuestra existencia, por ello nuestro compromiso en ofrecer tecnolog\u00edas y soluciones innovadoras, se convierte en la creaci\u00f3n de equipos de climatizaci\u00f3n que velan por el bienestar de la sociedad.<\/p>\n<p>Eluxe, marca en exclusiva para Leroy Merlin, es sin\u00f3nimo de garant\u00eda y calidad. Una marca que apuesta por ofrecer el mejor confort y\u00a0 climatizaci\u00f3n sostenible y eficiente, siempre teniendo en cuenta ofrecer una inmejorable calidad de aire interior.<\/p>\n<\/div>\n<\/div>\n<\/div>\n<\/div>\n<\/div>\n<\/div>\n[\/vc_column_text][\/vc_column][vc_column width=\u00bb1\/2&#8243;][vc_single_image image=\u00bb254&#8243;][\/vc_column][\/vc_row][vc_row column_spacing=\u00bb40&#8243;][vc_column][vc_custom_heading text=\u00bbNuestros productos\u00bb use_theme_fonts=\u00bbyes\u00bb][vc_empty_space]<div class=\"carousel-slider-outer carousel-slider-outer-image-carousel carousel-slider-outer-263\" style=\"--carousel-slider-nav-color:#f28e27;--carousel-slider-active-nav-color:#00d1b2;--carousel-slider-arrow-size:48px;--carousel-slider-bullet-size:10px\">\n<div id=\"&#039;id-263\" class=\"carousel-slider carousel-slider-263 arrows-visibility-always dots-visibility-never arrows-outside dots-left dots-square owl-carousel\" data-slide-type=\"image-carousel\" data-owl-settings='{\"nav\":true,\"dots\":false,\"slideBy\":1,\"stagePadding\":0,\"margin\":20,\"loop\":true,\"lazyLoad\":false,\"autoplay\":false,\"autoplayTimeout\":5000,\"autoplaySpeed\":500,\"autoplayHoverPause\":false,\"autoWidth\":true,\"responsive\":{\"300\":{\"items\":1},\"576\":{\"items\":2},\"768\":{\"items\":2},\"1024\":{\"items\":3},\"1280\":{\"items\":4},\"1536\":{\"items\":5}}}'>\n<div class=\"carousel-slider__item\">\n\t<a href=\"https:\/\/eluxeclima.com\/es\/split-amber\/\" target=\"_self\"><img loading=\"lazy\" decoding=\"async\" width=\"400\" height=\"400\" src=\"https:\/\/eluxeclima.com\/wp-content\/uploads\/2021\/05\/eluxe_amberr32_ambiente-2-400x400.jpg\" class=\"attachment-medium size-medium\" alt=\"\" \/><div class=\"carousel-slider__caption\"><h4 class=\"title\">Amber R32 &gt;<\/h4><\/div><\/a><\/div>\n\n<div class=\"carousel-slider__item\">\n\t<a href=\"https:\/\/eluxeclima.com\/es\/amber-basic\/\" target=\"_self\"><img loading=\"lazy\" decoding=\"async\" width=\"400\" height=\"400\" src=\"https:\/\/eluxeclima.com\/wp-content\/uploads\/2021\/05\/eluxe_amberbasic_ambiente-2-400x400.jpg\" class=\"attachment-medium size-medium\" alt=\"\" \/><div class=\"carousel-slider__caption\"><h4 class=\"title\">Amber Basic &gt;<\/h4><\/div><\/a><\/div>\n\n<div class=\"carousel-slider__item\">\n\t<a href=\"https:\/\/eluxeclima.com\/es\/amber-2\/\" target=\"_self\"><img loading=\"lazy\" decoding=\"async\" width=\"400\" height=\"400\" src=\"https:\/\/eluxeclima.com\/wp-content\/uploads\/2021\/05\/eluxe_amber2_ambiente-2-400x400.jpg\" class=\"attachment-medium size-medium\" alt=\"\" \/><div class=\"carousel-slider__caption\"><h4 class=\"title\">Amber 2 &gt;<\/h4><\/div><\/a><\/div>\n\n<div class=\"carousel-slider__item\">\n\t<a href=\"https:\/\/eluxeclima.com\/es\/amber-multisplit\/\" target=\"_self\"><img loading=\"lazy\" decoding=\"async\" width=\"400\" height=\"400\" src=\"https:\/\/eluxeclima.com\/wp-content\/uploads\/2021\/05\/eluxe_multi_ambiente-2-400x400.jpg\" class=\"attachment-medium size-medium\" alt=\"\" \/><div class=\"carousel-slider__caption\"><h4 class=\"title\">Amber Multisplit &gt;<\/h4><\/div><\/a><\/div>\n\n<\/div><!-- .carousel-slider-263 -->\n<\/div><!-- .carousel-slider-outer-263 -->\n[\/vc_column][\/vc_row][vc_row column_spacing=\u00bb40&#8243;][vc_column][vc_empty_space][vc_custom_heading text=\u00bb\u00bfDonde comprar?\u00bb use_theme_fonts=\u00bbyes\u00bb][\/vc_column][\/vc_row][vc_row full_width=\u00bbstretch_row_content_no_spaces\u00bb][vc_column][vc_raw_html css=\u00bb.vc_custom_1620223711011{margin-top: -20px !important;margin-bottom: -39px !important;}\u00bb]JTVCbWFwcHJlc3MlMjBtYXBpZCUzRCUyMjElMjIlNUQ=[\/vc_raw_html][\/vc_column][\/vc_row]\n<\/div>","protected":false},"excerpt":{"rendered":"<p>[vc_row full_width=\u00bbstretch_row_content_no_spaces\u00bb remove_bottom_col_margin=\u00bbtrue\u00bb][vc_column][\/vc_column][\/vc_row][vc_row column_spacing=\u00bb60&#8243; gap=\u00bb35&#8243; css=\u00bb.vc_custom_1620214199855{padding-top: 60px !important;padding-bottom: 20px !important;}\u00bb][vc_column width=\u00bb1\/2&#8243;][vc_custom_heading text=\u00bbEluxe Clima, para mejorar la climatizaci\u00f3n de tu hogar\u00bb font_container=\u00bbtag:h1|text_align:left\u00bb use_theme_fonts=\u00bbyes\u00bb][vc_empty_space][vc_column_text] El aire es fundamental para nuestra existencia, por ello nuestro compromiso en ofrecer tecnolog\u00edas y soluciones innovadoras, se&hellip;<\/p>\n","protected":false},"author":2,"featured_media":0,"parent":0,"menu_order":0,"comment_status":"closed","ping_status":"closed","template":"","meta":{"footnotes":""},"class_list":["post-144","page","type-page","status-publish","hentry","entry","no-media"],"_links":{"self":[{"href":"https:\/\/eluxeclima.com\/es\/wp-json\/wp\/v2\/pages\/144","targetHints":{"allow":["GET"]}}],"collection":[{"href":"https:\/\/eluxeclima.com\/es\/wp-json\/wp\/v2\/pages"}],"about":[{"href":"https:\/\/eluxeclima.com\/es\/wp-json\/wp\/v2\/types\/page"}],"author":[{"embeddable":true,"href":"https:\/\/eluxeclima.com\/es\/wp-json\/wp\/v2\/users\/2"}],"replies":[{"embeddable":true,"href":"https:\/\/eluxeclima.com\/es\/wp-json\/wp\/v2\/comments?post=144"}],"version-history":[{"count":28,"href":"https:\/\/eluxeclima.com\/es\/wp-json\/wp\/v2\/pages\/144\/revisions"}],"predecessor-version":[{"id":419,"href":"https:\/\/eluxeclima.com\/es\/wp-json\/wp\/v2\/pages\/144\/revisions\/419"}],"wp:attachment":[{"href":"https:\/\/eluxeclima.com\/es\/wp-json\/wp\/v2\/media?parent=144"}],"curies":[{"name":"wp","href":"https:\/\/api.w.org\/{rel}","templated":true}]}}