{"id":596,"date":"2021-05-18T14:09:53","date_gmt":"2021-05-18T14:09:53","guid":{"rendered":"https:\/\/eluxeclima.com\/?page_id=596"},"modified":"2021-06-03T07:25:46","modified_gmt":"2021-06-03T07:25:46","slug":"amber-2","status":"publish","type":"page","link":"https:\/\/eluxeclima.com\/es\/amber-2\/","title":{"rendered":"Amber 2"},"content":{"rendered":"<div class=\"wpb-content-wrapper\">[vc_row][vc_column width=\u00bb5\/12&#8243;]<div class=\"wpex-slider-preloaderimg \"><img loading=\"lazy\" decoding=\"async\" data-no-lazy=\"1\" class=\"skip-lazy\" src=\"https:\/\/eluxeclima.com\/wp-content\/uploads\/2021\/05\/eluxe_amber2_ambiente.jpg\" alt=\"\" width=\"1200\" height=\"1200\" \/><\/div><div class=\"vcex-module wpex-slider slider-pro no-margin-thumbnails vcex-image-gallery-slider wpex-clr\" data-thumbnails=\"true\" data-thumbnail-height=\"auto\" data-auto-play-delay=\"5000\" data-animation-speed=\"600\" data-height-animation-duration=\"500\"><div class=\"wpex-slider-slides sp-slides\"><div class=\"wpex-slider-slide sp-slide\"><div class=\"wpex-slider-media\"><img loading=\"lazy\" decoding=\"async\" data-no-lazy=\"1\" class=\"skip-lazy\" src=\"https:\/\/eluxeclima.com\/wp-content\/uploads\/2021\/05\/eluxe_amber2_ambiente.jpg\" alt=\"\" width=\"1200\" height=\"1200\" \/><\/div><\/div><div class=\"wpex-slider-slide sp-slide\"><div class=\"wpex-slider-media\"><img loading=\"lazy\" decoding=\"async\" data-no-lazy=\"1\" class=\"skip-lazy\" src=\"https:\/\/eluxeclima.com\/wp-content\/uploads\/2021\/05\/eluxe_amber2_idu.jpg\" alt=\"\" width=\"1200\" height=\"1200\" \/><\/div><\/div><div class=\"wpex-slider-slide sp-slide\"><div class=\"wpex-slider-media\"><img loading=\"lazy\" decoding=\"async\" data-no-lazy=\"1\" class=\"skip-lazy\" src=\"https:\/\/eluxeclima.com\/wp-content\/uploads\/2021\/05\/eluxe_amber2_mando.jpg\" alt=\"\" width=\"1200\" height=\"1200\" \/><\/div><\/div><div class=\"wpex-slider-slide sp-slide\"><div class=\"wpex-slider-media\"><img loading=\"lazy\" decoding=\"async\" data-no-lazy=\"1\" class=\"skip-lazy\" src=\"https:\/\/eluxeclima.com\/wp-content\/uploads\/2021\/05\/eluxe_amber2_odu.jpg\" alt=\"\" width=\"1200\" height=\"1200\" \/><\/div><\/div><\/div><div class=\"wpex-slider-thumbnails sp-nc-thumbnails cols-5\"><img loading=\"lazy\" decoding=\"async\" data-no-lazy=\"1\" class=\"wpex-slider-thumbnail sp-nc-thumbnail skip-lazy\" src=\"https:\/\/eluxeclima.com\/wp-content\/uploads\/2021\/05\/eluxe_amber2_ambiente.jpg\" alt=\"\" width=\"1200\" height=\"1200\" \/><img loading=\"lazy\" decoding=\"async\" data-no-lazy=\"1\" class=\"wpex-slider-thumbnail sp-nc-thumbnail skip-lazy\" src=\"https:\/\/eluxeclima.com\/wp-content\/uploads\/2021\/05\/eluxe_amber2_idu.jpg\" alt=\"\" width=\"1200\" height=\"1200\" \/><img loading=\"lazy\" decoding=\"async\" data-no-lazy=\"1\" class=\"wpex-slider-thumbnail sp-nc-thumbnail skip-lazy\" src=\"https:\/\/eluxeclima.com\/wp-content\/uploads\/2021\/05\/eluxe_amber2_mando.jpg\" alt=\"\" width=\"1200\" height=\"1200\" \/><img loading=\"lazy\" decoding=\"async\" data-no-lazy=\"1\" class=\"wpex-slider-thumbnail sp-nc-thumbnail skip-lazy\" src=\"https:\/\/eluxeclima.com\/wp-content\/uploads\/2021\/05\/eluxe_amber2_odu.jpg\" alt=\"\" width=\"1200\" height=\"1200\" \/><\/div><\/div>[\/vc_column][vc_column width=\u00bb2\/12&#8243;][\/vc_column][vc_column width=\u00bb5\/12&#8243;][vc_custom_heading text=\u00bbAmber 2&#8243; font_container=\u00bbtag:h1|text_align:left\u00bb use_theme_fonts=\u00bbyes\u00bb][vc_empty_space][vc_column_text]\n<div>\n<ul>\n<li><b>Control por voz: <\/b>Permite controlar el dispositivo a trav\u00e9s de altavoces como Google Home o Amazon Alexa, a\u00f1adiendo el acessorio opcional Wi-fi al split.<\/li>\n<li><b>Protecci\u00f3n Golden Fin:<\/b> Ideal para zonas salinas, el split ofrece una protecci\u00f3n anticorrosiva y antioxidante, tanto en unidad interior como exterior.<\/li>\n<li><b>Temporizador 24h:<\/b> Permite la configuraci\u00f3n autom\u00e1tica para que el equipo se encienda o se apague en un per\u00edodo de 24h.<\/li>\n<li><b>Modo silencioso:<\/b> Gracias a la baja velocidad del ventilador, el equipo funciona a un bajo nivel de ruido.<\/li>\n<li><b>Funci\u00f3n de Autolimpieza: <\/b>A trav\u00e9s de la congelaci\u00f3n de la bater\u00eda y la descongelaci\u00f3n posterior, se elimina polvo, moho y la grasa y toda la suciedad que se pueda acumular.<\/li>\n<\/ul>\n<\/div>\n[\/vc_column_text][vc_empty_space]<div class=\"vcex-image-grid-wrap wpex-clr\"><div class=\"vcex-module vcex-image-grid wpex-clr grid-style-default wpex-row wpex-lightbox-group\"><div class=\"id-742 vcex-image-grid-entry vcex-grid-item textcenter span_1_of_4 col col-1\"><figure class=\"vcex-image-grid-entry-figure wpex-last-mb-0 wpex-clr\"><div class=\"vcex-image-grid-entry-img entry-media wpex-mb-20\"><a href=\"https:\/\/eluxeclima.com\/wp-content\/uploads\/2021\/05\/seer_A-1.png\" class=\"vcex-image-grid-entry-img wpex-lightbox-group-item\" ><img decoding=\"async\" loading=\"lazy\" class=\"wpex-align-middle\" src=\"https:\/\/eluxeclima.com\/wp-content\/uploads\/2021\/05\/seer_A-1.png\" alt=\"\" width=\"81\" height=\"35\" \/><\/a><\/div><\/figure><\/div><div class=\"id-720 vcex-image-grid-entry vcex-grid-item textcenter span_1_of_4 col col-2\"><figure class=\"vcex-image-grid-entry-figure wpex-last-mb-0 wpex-clr\"><div class=\"vcex-image-grid-entry-img entry-media wpex-mb-20\"><a href=\"https:\/\/eluxeclima.com\/wp-content\/uploads\/2021\/05\/scop_A.png\" class=\"vcex-image-grid-entry-img wpex-lightbox-group-item\" ><img decoding=\"async\" loading=\"lazy\" class=\"wpex-align-middle\" src=\"https:\/\/eluxeclima.com\/wp-content\/uploads\/2021\/05\/scop_A.png\" alt=\"\" width=\"81\" height=\"35\" \/><\/a><\/div><\/figure><\/div><div class=\"id-735 vcex-image-grid-entry vcex-grid-item textcenter span_1_of_4 col col-3\"><figure class=\"vcex-image-grid-entry-figure wpex-last-mb-0 wpex-clr\"><div class=\"vcex-image-grid-entry-img entry-media wpex-mb-20\"><a href=\"https:\/\/eluxeclima.com\/wp-content\/uploads\/2021\/05\/scop_warmer_A-2.png\" class=\"vcex-image-grid-entry-img wpex-lightbox-group-item\" ><img decoding=\"async\" loading=\"lazy\" class=\"wpex-align-middle\" src=\"https:\/\/eluxeclima.com\/wp-content\/uploads\/2021\/05\/scop_warmer_A-2.png\" alt=\"\" width=\"81\" height=\"35\" \/><\/a><\/div><\/figure><\/div><\/div><\/div>[vc_empty_space][vc_separator][vc_column_text css=\u00bb.vc_custom_1621941668273{margin-top: 30px !important;margin-bottom: 30px !important;}\u00bb]<a href=\"https:\/\/eluxeclima.com\/doc\/FT_ELUXE_1X1_AMBER_2_R32_ML.pdf\">Ficha de producto<\/a>[\/vc_column_text][vc_separator]<div class=\"vcex-image-grid-wrap wpex-clr\"><div class=\"vcex-image-grid-css-wrapper vc_custom_1620828486854\"><div class=\"vcex-module vcex-image-grid wpex-clr grid-style-default wpex-row wpex-lightbox-group\"><div class=\"id-404 vcex-image-grid-entry vcex-grid-item textcenter span_1_of_4 col col-1\"><figure class=\"vcex-image-grid-entry-figure wpex-last-mb-0 wpex-clr\"><div class=\"vcex-image-grid-entry-img entry-media wpex-mb-20\"><a href=\"https:\/\/eluxeclima.com\/wp-content\/uploads\/2021\/05\/sistema_alexa.png\" class=\"vcex-image-grid-entry-img wpex-lightbox-group-item\" ><img decoding=\"async\" loading=\"lazy\" class=\"wpex-align-middle\" src=\"https:\/\/eluxeclima.com\/wp-content\/uploads\/2021\/05\/sistema_alexa.png\" alt=\"\" width=\"105\" height=\"62\" \/><\/a><\/div><\/figure><\/div><div class=\"id-408 vcex-image-grid-entry vcex-grid-item textcenter span_1_of_4 col col-2\"><figure class=\"vcex-image-grid-entry-figure wpex-last-mb-0 wpex-clr\"><div class=\"vcex-image-grid-entry-img entry-media wpex-mb-20\"><a href=\"https:\/\/eluxeclima.com\/wp-content\/uploads\/2021\/05\/google_home.png\" class=\"vcex-image-grid-entry-img wpex-lightbox-group-item\" ><img decoding=\"async\" loading=\"lazy\" class=\"wpex-align-middle\" src=\"https:\/\/eluxeclima.com\/wp-content\/uploads\/2021\/05\/google_home.png\" alt=\"\" width=\"86\" height=\"62\" \/><\/a><\/div><\/figure><\/div><\/div><\/div><\/div>[\/vc_column][\/vc_row]\n<\/div>","protected":false},"excerpt":{"rendered":"<p>[vc_row][vc_column width=\u00bb5\/12&#8243;][\/vc_column][vc_column width=\u00bb2\/12&#8243;][\/vc_column][vc_column width=\u00bb5\/12&#8243;][vc_custom_heading text=\u00bbAmber 2&#8243; font_container=\u00bbtag:h1|text_align:left\u00bb use_theme_fonts=\u00bbyes\u00bb][vc_empty_space][vc_column_text] Control por voz: Permite controlar el dispositivo a trav\u00e9s de altavoces como Google Home o Amazon Alexa, a\u00f1adiendo el acessorio opcional Wi-fi al split. Protecci\u00f3n Golden Fin: Ideal para zonas salinas, el&hellip;<\/p>\n","protected":false},"author":2,"featured_media":549,"parent":0,"menu_order":0,"comment_status":"closed","ping_status":"closed","template":"","meta":{"footnotes":""},"class_list":["post-596","page","type-page","status-publish","has-post-thumbnail","hentry","entry","no-media"],"_links":{"self":[{"href":"https:\/\/eluxeclima.com\/es\/wp-json\/wp\/v2\/pages\/596","targetHints":{"allow":["GET"]}}],"collection":[{"href":"https:\/\/eluxeclima.com\/es\/wp-json\/wp\/v2\/pages"}],"about":[{"href":"https:\/\/eluxeclima.com\/es\/wp-json\/wp\/v2\/types\/page"}],"author":[{"embeddable":true,"href":"https:\/\/eluxeclima.com\/es\/wp-json\/wp\/v2\/users\/2"}],"replies":[{"embeddable":true,"href":"https:\/\/eluxeclima.com\/es\/wp-json\/wp\/v2\/comments?post=596"}],"version-history":[{"count":7,"href":"https:\/\/eluxeclima.com\/es\/wp-json\/wp\/v2\/pages\/596\/revisions"}],"predecessor-version":[{"id":757,"href":"https:\/\/eluxeclima.com\/es\/wp-json\/wp\/v2\/pages\/596\/revisions\/757"}],"wp:featuredmedia":[{"embeddable":true,"href":"https:\/\/eluxeclima.com\/es\/wp-json\/wp\/v2\/media\/549"}],"wp:attachment":[{"href":"https:\/\/eluxeclima.com\/es\/wp-json\/wp\/v2\/media?parent=596"}],"curies":[{"name":"wp","href":"https:\/\/api.w.org\/{rel}","templated":true}]}}