{"id":781,"date":"2023-04-21T06:37:29","date_gmt":"2023-04-21T06:37:29","guid":{"rendered":"https:\/\/eluxeclima.com\/?page_id=781"},"modified":"2024-09-17T08:06:19","modified_gmt":"2024-09-17T08:06:19","slug":"led-pro","status":"publish","type":"page","link":"https:\/\/eluxeclima.com\/es\/led-pro\/","title":{"rendered":"LED PRO"},"content":{"rendered":"<div class=\"wpb-content-wrapper\">[vc_row][vc_column width=\u00bb5\/12&#8243;]<div class=\"wpex-slider-preloaderimg \"><img loading=\"lazy\" decoding=\"async\" data-no-lazy=\"1\" class=\"skip-lazy\" src=\"https:\/\/eluxeclima.com\/wp-content\/uploads\/2023\/04\/EL-LED720W.jpg\" alt=\"\" width=\"1200\" height=\"1200\" \/><\/div><div class=\"vcex-module wpex-slider slider-pro no-margin-thumbnails vcex-image-gallery-slider wpex-clr\" data-thumbnails=\"true\" data-thumbnail-height=\"auto\" data-auto-play-delay=\"5000\" data-animation-speed=\"600\" data-height-animation-duration=\"500\"><div class=\"wpex-slider-slides sp-slides\"><div class=\"wpex-slider-slide sp-slide\"><div class=\"wpex-slider-media\"><img loading=\"lazy\" decoding=\"async\" data-no-lazy=\"1\" class=\"skip-lazy\" src=\"https:\/\/eluxeclima.com\/wp-content\/uploads\/2023\/04\/EL-LED720W.jpg\" alt=\"\" width=\"1200\" height=\"1200\" \/><\/div><\/div><div class=\"wpex-slider-slide sp-slide\"><div class=\"wpex-slider-media\"><img loading=\"lazy\" decoding=\"async\" data-no-lazy=\"1\" class=\"skip-lazy\" src=\"https:\/\/eluxeclima.com\/wp-content\/uploads\/2023\/04\/EL-LED1000W.jpg\" alt=\"\" width=\"1200\" height=\"1200\" \/><\/div><\/div><\/div><div class=\"wpex-slider-thumbnails sp-nc-thumbnails cols-5\"><img loading=\"lazy\" decoding=\"async\" data-no-lazy=\"1\" class=\"wpex-slider-thumbnail sp-nc-thumbnail skip-lazy\" src=\"https:\/\/eluxeclima.com\/wp-content\/uploads\/2023\/04\/EL-LED720W.jpg\" alt=\"\" width=\"1200\" height=\"1200\" \/><img loading=\"lazy\" decoding=\"async\" data-no-lazy=\"1\" class=\"wpex-slider-thumbnail sp-nc-thumbnail skip-lazy\" src=\"https:\/\/eluxeclima.com\/wp-content\/uploads\/2023\/04\/EL-LED1000W.jpg\" alt=\"\" width=\"1200\" height=\"1200\" \/><\/div><\/div>[\/vc_column][vc_column width=\u00bb2\/12&#8243;][\/vc_column][vc_column width=\u00bb5\/12&#8243;][vc_custom_heading text=\u00bbLED PRO\u00bb font_container=\u00bbtag:h1|text_align:left\u00bb use_theme_fonts=\u00bbyes\u00bb][vc_empty_space][vc_column_text]<strong>L\u00e1mpara HPS de Alta Eficiencia: Potencia y Control para Cultivos Profesionales<\/strong><\/p>\n<p>Nuestra <strong>l\u00e1mpara HPS 1000W DE<\/strong> est\u00e1 dise\u00f1ada para maximizar el crecimiento de tus plantas en interiores, con una eficiencia de hasta <strong>1.8 \u03bcmol\/W<\/strong>. Sus caracter\u00edsticas incluyen:<\/p>\n<ul>\n<li><strong>Reflector de aluminio de alta densidad<\/strong> con soporte de cer\u00e1mica, garantizando una distribuci\u00f3n \u00f3ptima de la luz.<\/li>\n<li><strong>Balasto electr\u00f3nico remoto<\/strong> ajustable, con un rango de potencia de <strong>600W a 1150W<\/strong>, regulable mediante un mando giratorio, controlador o interruptor.<\/li>\n<li><strong>Garant\u00eda de 3 a\u00f1os<\/strong> en el balastro y <strong>1 a\u00f1o<\/strong> en el accesorio\/l\u00e1mpara.<\/li>\n<\/ul>\n<p><strong>Operaci\u00f3n segura y eficiente:<\/strong><\/p>\n<ul>\n<li>Dise\u00f1ada para <strong>habitaciones climatizadas de interior<\/strong>, esta l\u00e1mpara no debe utilizarse en ambientes h\u00famedos o cerca de materiales inflamables.<\/li>\n<li><strong>Desconecta siempre<\/strong> el aparato antes de reemplazar o ajustar la l\u00e1mpara. \u00a1Espera 30 minutos tras apagarla, ya que puede seguir caliente!<\/li>\n<li>Si es necesario cambiar la l\u00e1mpara, desconecta el aparato de la red para reiniciar el balasto electr\u00f3nico.<\/li>\n<li>La <strong>potencia de la l\u00e1mpara es ajustable<\/strong> a trav\u00e9s del regulador de intensidad, con un rango de 600W a 1150W. Si usas un controlador, ajusta el atenuador a \u00abEXT\u00bb.<\/li>\n<\/ul>\n<p><strong>Ilumina tus cultivos con eficiencia y seguridad con nuestra l\u00e1mpara HPS 1000W DE!<\/strong>[\/vc_column_text][vc_empty_space][vc_separator][vc_column_text css=\u00bb.vc_custom_1682059748884{margin-top: 30px !important;margin-bottom: 30px !important;}\u00bb]<a href=\"https:\/\/eluxeclima.com\/doc\/EL-LED1000W%20--%20EL-LED720W%20%20Ficha%20Tecnica.pdf\" target=\"_blank\" rel=\"noopener\">Ficha de producto<\/a>[\/vc_column_text][vc_separator][\/vc_column][\/vc_row]\n<\/div>","protected":false},"excerpt":{"rendered":"<p>[vc_row][vc_column width=\u00bb5\/12&#8243;][\/vc_column][vc_column width=\u00bb2\/12&#8243;][\/vc_column][vc_column width=\u00bb5\/12&#8243;][vc_custom_heading text=\u00bbLED PRO\u00bb font_container=\u00bbtag:h1|text_align:left\u00bb use_theme_fonts=\u00bbyes\u00bb][vc_empty_space][vc_column_text]L\u00e1mpara HPS de Alta Eficiencia: Potencia y Control para Cultivos Profesionales Nuestra l\u00e1mpara HPS 1000W DE est\u00e1 dise\u00f1ada para maximizar el crecimiento de tus plantas en interiores, con una eficiencia de hasta 1.8&hellip;<\/p>\n","protected":false},"author":2,"featured_media":0,"parent":0,"menu_order":0,"comment_status":"closed","ping_status":"closed","template":"","meta":{"footnotes":""},"class_list":["post-781","page","type-page","status-publish","hentry","entry","no-media"],"_links":{"self":[{"href":"https:\/\/eluxeclima.com\/es\/wp-json\/wp\/v2\/pages\/781","targetHints":{"allow":["GET"]}}],"collection":[{"href":"https:\/\/eluxeclima.com\/es\/wp-json\/wp\/v2\/pages"}],"about":[{"href":"https:\/\/eluxeclima.com\/es\/wp-json\/wp\/v2\/types\/page"}],"author":[{"embeddable":true,"href":"https:\/\/eluxeclima.com\/es\/wp-json\/wp\/v2\/users\/2"}],"replies":[{"embeddable":true,"href":"https:\/\/eluxeclima.com\/es\/wp-json\/wp\/v2\/comments?post=781"}],"version-history":[{"count":9,"href":"https:\/\/eluxeclima.com\/es\/wp-json\/wp\/v2\/pages\/781\/revisions"}],"predecessor-version":[{"id":835,"href":"https:\/\/eluxeclima.com\/es\/wp-json\/wp\/v2\/pages\/781\/revisions\/835"}],"wp:attachment":[{"href":"https:\/\/eluxeclima.com\/es\/wp-json\/wp\/v2\/media?parent=781"}],"curies":[{"name":"wp","href":"https:\/\/api.w.org\/{rel}","templated":true}]}}