{"id":797,"date":"2023-04-21T06:50:08","date_gmt":"2023-04-21T06:50:08","guid":{"rendered":"https:\/\/eluxeclima.com\/?page_id=797"},"modified":"2024-09-17T08:06:22","modified_gmt":"2024-09-17T08:06:22","slug":"lampara-de-alta-eficiencia-hps","status":"publish","type":"page","link":"https:\/\/eluxeclima.com\/es\/lampara-de-alta-eficiencia-hps\/","title":{"rendered":"L\u00e1mpara de alta eficiencia HPS"},"content":{"rendered":"<div class=\"wpb-content-wrapper\">[vc_row][vc_column width=\u00bb5\/12&#8243;]<div class=\"wpex-slider-preloaderimg \"><img loading=\"lazy\" decoding=\"async\" data-no-lazy=\"1\" class=\"skip-lazy\" src=\"https:\/\/eluxeclima.com\/wp-content\/uploads\/2023\/04\/ELHPS1000W.jpg\" alt=\"\" width=\"1200\" height=\"1200\" \/><\/div><div class=\"vcex-module wpex-slider slider-pro no-margin-thumbnails vcex-image-gallery-slider wpex-clr\" data-thumbnails=\"true\" data-thumbnail-height=\"auto\" data-auto-play-delay=\"5000\" data-animation-speed=\"600\" data-height-animation-duration=\"500\"><div class=\"wpex-slider-slides sp-slides\"><div class=\"wpex-slider-slide sp-slide\"><div class=\"wpex-slider-media\"><img loading=\"lazy\" decoding=\"async\" data-no-lazy=\"1\" class=\"skip-lazy\" src=\"https:\/\/eluxeclima.com\/wp-content\/uploads\/2023\/04\/ELHPS1000W.jpg\" alt=\"\" width=\"1200\" height=\"1200\" \/><\/div><\/div><\/div><div class=\"wpex-slider-thumbnails sp-nc-thumbnails cols-5\"><img loading=\"lazy\" decoding=\"async\" data-no-lazy=\"1\" class=\"wpex-slider-thumbnail sp-nc-thumbnail skip-lazy\" src=\"https:\/\/eluxeclima.com\/wp-content\/uploads\/2023\/04\/ELHPS1000W.jpg\" alt=\"\" width=\"1200\" height=\"1200\" \/><\/div><\/div>[\/vc_column][vc_column width=\u00bb2\/12&#8243;][\/vc_column][vc_column width=\u00bb5\/12&#8243;][vc_custom_heading text=\u00bbL\u00e1mpara de alta eficiencia HPS\u00bb font_container=\u00bbtag:h1|text_align:left\u00bb use_theme_fonts=\u00bbyes\u00bb][vc_empty_space][vc_column_text]<strong>Descubre la LED Grow Light: Innovaci\u00f3n y eficiencia para tus cultivos<\/strong><\/p>\n<p>Nuestra <strong>LED Grow Light<\/strong> est\u00e1 dise\u00f1ada para ofrecerte la m\u00e1xima comodidad y rendimiento en el cuidado de tus plantas. Este sistema de iluminaci\u00f3n avanzado incluye:<\/p>\n<ul>\n<li><strong>Estructura ligera<\/strong>, f\u00e1cil de instalar y transportar, perfecta para cualquier configuraci\u00f3n.<\/li>\n<li><strong>Protecci\u00f3n IP65<\/strong>, resistente al agua y al polvo, asegurando su durabilidad en cualquier entorno.<\/li>\n<li><strong>Control centralizado<\/strong>, para una gesti\u00f3n sencilla de todas tus luces desde un solo punto.<\/li>\n<li><strong>Plug &amp; Play<\/strong>, conectividad inmediata sin complicaciones t\u00e9cnicas.<\/li>\n<li><strong>Baja temperatura<\/strong>, manteniendo un ambiente ideal para el crecimiento de tus plantas.<\/li>\n<li><strong>Alta eficiencia<\/strong>, optimizada para un consumo m\u00ednimo y m\u00e1ximo rendimiento (seg\u00fan modelo).<\/li>\n<\/ul>\n<p><strong>Eleva tus cultivos a otro nivel con nuestra tecnolog\u00eda LED de \u00faltima generaci\u00f3n.<\/strong>[\/vc_column_text][vc_empty_space][vc_separator][vc_column_text css=\u00bb.vc_custom_1682059978555{margin-top: 30px !important;margin-bottom: 30px !important;}\u00bb]<a href=\"https:\/\/eluxeclima.com\/doc\/ELHPS1000W%20Ficha%20T%C3%A9cnica%20y%20Manual%20Instalaci%C3%B3n.pdf\" target=\"_blank\" rel=\"noopener\">Ficha de producto<\/a>[\/vc_column_text][vc_separator][\/vc_column][\/vc_row]\n<\/div>","protected":false},"excerpt":{"rendered":"<p>[vc_row][vc_column width=\u00bb5\/12&#8243;][\/vc_column][vc_column width=\u00bb2\/12&#8243;][\/vc_column][vc_column width=\u00bb5\/12&#8243;][vc_custom_heading text=\u00bbL\u00e1mpara de alta eficiencia HPS\u00bb font_container=\u00bbtag:h1|text_align:left\u00bb use_theme_fonts=\u00bbyes\u00bb][vc_empty_space][vc_column_text]Descubre la LED Grow Light: Innovaci\u00f3n y eficiencia para tus cultivos Nuestra LED Grow Light est\u00e1 dise\u00f1ada para ofrecerte la m\u00e1xima comodidad y rendimiento en el cuidado de tus plantas.&hellip;<\/p>\n","protected":false},"author":2,"featured_media":0,"parent":0,"menu_order":0,"comment_status":"closed","ping_status":"closed","template":"","meta":{"footnotes":""},"class_list":["post-797","page","type-page","status-publish","hentry","entry","no-media"],"_links":{"self":[{"href":"https:\/\/eluxeclima.com\/es\/wp-json\/wp\/v2\/pages\/797","targetHints":{"allow":["GET"]}}],"collection":[{"href":"https:\/\/eluxeclima.com\/es\/wp-json\/wp\/v2\/pages"}],"about":[{"href":"https:\/\/eluxeclima.com\/es\/wp-json\/wp\/v2\/types\/page"}],"author":[{"embeddable":true,"href":"https:\/\/eluxeclima.com\/es\/wp-json\/wp\/v2\/users\/2"}],"replies":[{"embeddable":true,"href":"https:\/\/eluxeclima.com\/es\/wp-json\/wp\/v2\/comments?post=797"}],"version-history":[{"count":4,"href":"https:\/\/eluxeclima.com\/es\/wp-json\/wp\/v2\/pages\/797\/revisions"}],"predecessor-version":[{"id":836,"href":"https:\/\/eluxeclima.com\/es\/wp-json\/wp\/v2\/pages\/797\/revisions\/836"}],"wp:attachment":[{"href":"https:\/\/eluxeclima.com\/es\/wp-json\/wp\/v2\/media?parent=797"}],"curies":[{"name":"wp","href":"https:\/\/api.w.org\/{rel}","templated":true}]}}