{"id":806,"date":"2024-09-17T06:39:01","date_gmt":"2024-09-17T06:39:01","guid":{"rendered":"https:\/\/eluxeclima.com\/?page_id=806"},"modified":"2024-09-17T08:05:26","modified_gmt":"2024-09-17T08:05:26","slug":"grow-light-el-led720wsg","status":"publish","type":"page","link":"https:\/\/eluxeclima.com\/es\/grow-light-el-led720wsg\/","title":{"rendered":"Grow Light EL-LED720WSG"},"content":{"rendered":"<div class=\"wpb-content-wrapper\">[vc_row][vc_column width=\u00bb5\/12&#8243;]<div class=\"wpex-slider-preloaderimg \"><img loading=\"lazy\" decoding=\"async\" data-no-lazy=\"1\" class=\"skip-lazy\" src=\"https:\/\/eluxeclima.com\/wp-content\/uploads\/2024\/09\/Eluxe-Grow-Light-Star-Logo-position-pict.png\" alt=\"\" width=\"4479\" height=\"1854\" \/><\/div><div class=\"vcex-module wpex-slider slider-pro no-margin-thumbnails vcex-image-gallery-slider wpex-clr\" data-thumbnails=\"true\" data-thumbnail-height=\"auto\" data-auto-play-delay=\"5000\" data-animation-speed=\"600\" data-height-animation-duration=\"500\"><div class=\"wpex-slider-slides sp-slides\"><div class=\"wpex-slider-slide sp-slide\"><div class=\"wpex-slider-media\"><img loading=\"lazy\" decoding=\"async\" data-no-lazy=\"1\" class=\"skip-lazy\" src=\"https:\/\/eluxeclima.com\/wp-content\/uploads\/2024\/09\/Eluxe-Grow-Light-Star-Logo-position-pict.png\" alt=\"\" width=\"4479\" height=\"1854\" \/><\/div><\/div><\/div><div class=\"wpex-slider-thumbnails sp-nc-thumbnails cols-5\"><img loading=\"lazy\" decoding=\"async\" data-no-lazy=\"1\" class=\"wpex-slider-thumbnail sp-nc-thumbnail skip-lazy\" src=\"https:\/\/eluxeclima.com\/wp-content\/uploads\/2024\/09\/Eluxe-Grow-Light-Star-Logo-position-pict.png\" alt=\"\" width=\"4479\" height=\"1854\" \/><\/div><\/div>[\/vc_column][vc_column width=\u00bb2\/12&#8243;][\/vc_column][vc_column width=\u00bb5\/12&#8243;][vc_custom_heading text=\u00bbGrow Light EL-LED720WSG\u00bb font_container=\u00bbtag:h1|text_align:left\u00bb use_theme_fonts=\u00bbyes\u00bb][vc_empty_space][vc_column_text]<strong>Impulsa tu cultivo con la innovadora l\u00ednea de iluminaci\u00f3n LED Grow Light<\/strong><\/p>\n<p>La LED Grow Light es la elecci\u00f3n ideal para aquellos que desean optimizar el rendimiento de sus cultivos, ya sea en interiores o invernaderos. Con tecnolog\u00eda avanzada, esta gama ofrece:<\/p>\n<ul>\n<li>Alta eficiencia de hasta 2.8 \u00b5mol\/J, proporcionando el entorno perfecto para el crecimiento de tus plantas (seg\u00fan el modelo).<\/li>\n<li>Dise\u00f1o liviano y f\u00e1cil de instalar, adaptable a cualquier espacio de cultivo.<\/li>\n<li>Protecci\u00f3n IP65, lo que garantiza resistencia frente al agua y al polvo, asegurando su durabilidad.<\/li>\n<li>Sistema de control centralizado que permite gestionar m\u00faltiples luces de forma sencilla desde un solo lugar.<\/li>\n<li>Plug and play, sin complicaciones t\u00e9cnicas, para un uso inmediato.<\/li>\n<li>Funcionamiento a baja temperatura, evitando el sobrecalentamiento y manteniendo las plantas seguras.<\/li>\n<\/ul>\n<p>Haz crecer tu cultivo de forma eficiente y sin complicaciones. \u00a1Prueba la iluminaci\u00f3n profesional con LED Grow Light y nota la diferencia![\/vc_column_text][vc_empty_space][vc_separator][vc_column_text css=\u00bb.vc_custom_1726555115599{margin-top: 30px !important;margin-bottom: 30px !important;}\u00bb]<a href=\"https:\/\/eluxeclima.com\/wp-content\/uploads\/2024\/09\/EL-LED720WSE-EL-LED720WSG.pdf\">Ficha de producto<\/a>[\/vc_column_text][vc_separator][\/vc_column][\/vc_row]\n<\/div>","protected":false},"excerpt":{"rendered":"<p>[vc_row][vc_column width=\u00bb5\/12&#8243;][\/vc_column][vc_column width=\u00bb2\/12&#8243;][\/vc_column][vc_column width=\u00bb5\/12&#8243;][vc_custom_heading text=\u00bbGrow Light EL-LED720WSG\u00bb font_container=\u00bbtag:h1|text_align:left\u00bb use_theme_fonts=\u00bbyes\u00bb][vc_empty_space][vc_column_text]Impulsa tu cultivo con la innovadora l\u00ednea de iluminaci\u00f3n LED Grow Light La LED Grow Light es la elecci\u00f3n ideal para aquellos que desean optimizar el rendimiento de sus cultivos, ya sea&hellip;<\/p>\n","protected":false},"author":2,"featured_media":0,"parent":0,"menu_order":0,"comment_status":"closed","ping_status":"closed","template":"","meta":{"footnotes":""},"class_list":["post-806","page","type-page","status-publish","hentry","entry","no-media"],"_links":{"self":[{"href":"https:\/\/eluxeclima.com\/es\/wp-json\/wp\/v2\/pages\/806","targetHints":{"allow":["GET"]}}],"collection":[{"href":"https:\/\/eluxeclima.com\/es\/wp-json\/wp\/v2\/pages"}],"about":[{"href":"https:\/\/eluxeclima.com\/es\/wp-json\/wp\/v2\/types\/page"}],"author":[{"embeddable":true,"href":"https:\/\/eluxeclima.com\/es\/wp-json\/wp\/v2\/users\/2"}],"replies":[{"embeddable":true,"href":"https:\/\/eluxeclima.com\/es\/wp-json\/wp\/v2\/comments?post=806"}],"version-history":[{"count":3,"href":"https:\/\/eluxeclima.com\/es\/wp-json\/wp\/v2\/pages\/806\/revisions"}],"predecessor-version":[{"id":834,"href":"https:\/\/eluxeclima.com\/es\/wp-json\/wp\/v2\/pages\/806\/revisions\/834"}],"wp:attachment":[{"href":"https:\/\/eluxeclima.com\/es\/wp-json\/wp\/v2\/media?parent=806"}],"curies":[{"name":"wp","href":"https:\/\/api.w.org\/{rel}","templated":true}]}}