{"id":807,"date":"2024-09-17T06:39:03","date_gmt":"2024-09-17T06:39:03","guid":{"rendered":"https:\/\/eluxeclima.com\/?page_id=807"},"modified":"2024-09-17T06:39:03","modified_gmt":"2024-09-17T06:39:03","slug":"grow-light-el-led720wse","status":"publish","type":"page","link":"https:\/\/eluxeclima.com\/es\/grow-light-el-led720wse\/","title":{"rendered":"Grow Light EL-LED720WSE"},"content":{"rendered":"<div class=\"wpb-content-wrapper\">[vc_row][vc_column width=\u00bb5\/12&#8243;]<div class=\"wpex-slider-preloaderimg \"><img loading=\"lazy\" decoding=\"async\" data-no-lazy=\"1\" class=\"skip-lazy\" src=\"https:\/\/eluxeclima.com\/wp-content\/uploads\/2024\/09\/Eluxe-Grow-Light-Lite-Logo-position-pict.png\" alt=\"\" width=\"4479\" height=\"1854\" \/><\/div><div class=\"vcex-module wpex-slider slider-pro no-margin-thumbnails vcex-image-gallery-slider wpex-clr\" data-thumbnails=\"true\" data-thumbnail-height=\"auto\" data-auto-play-delay=\"5000\" data-animation-speed=\"600\" data-height-animation-duration=\"500\"><div class=\"wpex-slider-slides sp-slides\"><div class=\"wpex-slider-slide sp-slide\"><div class=\"wpex-slider-media\"><img loading=\"lazy\" decoding=\"async\" data-no-lazy=\"1\" class=\"skip-lazy\" src=\"https:\/\/eluxeclima.com\/wp-content\/uploads\/2024\/09\/Eluxe-Grow-Light-Lite-Logo-position-pict.png\" alt=\"\" width=\"4479\" height=\"1854\" \/><\/div><\/div><\/div><div class=\"wpex-slider-thumbnails sp-nc-thumbnails cols-5\"><img loading=\"lazy\" decoding=\"async\" data-no-lazy=\"1\" class=\"wpex-slider-thumbnail sp-nc-thumbnail skip-lazy\" src=\"https:\/\/eluxeclima.com\/wp-content\/uploads\/2024\/09\/Eluxe-Grow-Light-Lite-Logo-position-pict.png\" alt=\"\" width=\"4479\" height=\"1854\" \/><\/div><\/div>[\/vc_column][vc_column width=\u00bb2\/12&#8243;][\/vc_column][vc_column width=\u00bb5\/12&#8243;][vc_custom_heading text=\u00bbGrow Light EL-LED720WSE\u00bb font_container=\u00bbtag:h1|text_align:left\u00bb use_theme_fonts=\u00bbyes\u00bb][vc_empty_space][vc_column_text]<strong>\u00a1Potencia tu cultivo con la nueva gama de iluminaci\u00f3n LED Grow Light!<\/strong><\/p>\n<p>Nuestra <strong>LED Grow Light<\/strong> es la soluci\u00f3n perfecta para quienes buscan maximizar el rendimiento de sus cultivos en interiores o invernaderos. Dise\u00f1ada con la m\u00e1s alta tecnolog\u00eda, esta l\u00ednea ofrece:<\/p>\n<ul>\n<li><strong>Eficiencia superior de hasta 2.8 \u00b5mol\/J<\/strong> para un crecimiento \u00f3ptimo de las plantas (seg\u00fan modelo).<\/li>\n<li><strong>Estructura ligera y f\u00e1cil de instalar<\/strong> para que puedas colocarla donde m\u00e1s lo necesites.<\/li>\n<li><strong>Protecci\u00f3n IP65<\/strong>, asegurando resistencia al polvo y al agua para garantizar durabilidad en cualquier ambiente.<\/li>\n<li><strong>Control centralizado<\/strong>, que te permite gestionar varias luces desde un solo punto.<\/li>\n<li><strong>Tecnolog\u00eda plug and play,<\/strong> lista para usar sin complicaciones t\u00e9cnicas.<\/li>\n<li><strong>Baja temperatura<\/strong>, evitando sobrecalentamientos y protegiendo tus plantas.<\/li>\n<\/ul>\n<p>\u00a1Haz que tu cultivo crezca de manera eficiente y sin complicaciones! \u00a1Descubre la diferencia de la iluminaci\u00f3n profesional con LED Grow Light![\/vc_column_text][vc_empty_space][vc_separator][vc_column_text css=\u00bb.vc_custom_1726555124412{margin-top: 30px !important;margin-bottom: 30px !important;}\u00bb]<a href=\"https:\/\/eluxeclima.com\/wp-content\/uploads\/2024\/09\/EL-LED720WSE-EL-LED720WSG.pdf\">Ficha de producto<\/a>[\/vc_column_text][vc_separator][\/vc_column][\/vc_row]\n<\/div>","protected":false},"excerpt":{"rendered":"<p>[vc_row][vc_column width=\u00bb5\/12&#8243;][\/vc_column][vc_column width=\u00bb2\/12&#8243;][\/vc_column][vc_column width=\u00bb5\/12&#8243;][vc_custom_heading text=\u00bbGrow Light EL-LED720WSE\u00bb font_container=\u00bbtag:h1|text_align:left\u00bb use_theme_fonts=\u00bbyes\u00bb][vc_empty_space][vc_column_text]\u00a1Potencia tu cultivo con la nueva gama de iluminaci\u00f3n LED Grow Light! Nuestra LED Grow Light es la soluci\u00f3n perfecta para quienes buscan maximizar el rendimiento de sus cultivos en interiores o&hellip;<\/p>\n","protected":false},"author":2,"featured_media":0,"parent":0,"menu_order":0,"comment_status":"closed","ping_status":"closed","template":"","meta":{"footnotes":""},"class_list":["post-807","page","type-page","status-publish","hentry","entry","no-media"],"_links":{"self":[{"href":"https:\/\/eluxeclima.com\/es\/wp-json\/wp\/v2\/pages\/807","targetHints":{"allow":["GET"]}}],"collection":[{"href":"https:\/\/eluxeclima.com\/es\/wp-json\/wp\/v2\/pages"}],"about":[{"href":"https:\/\/eluxeclima.com\/es\/wp-json\/wp\/v2\/types\/page"}],"author":[{"embeddable":true,"href":"https:\/\/eluxeclima.com\/es\/wp-json\/wp\/v2\/users\/2"}],"replies":[{"embeddable":true,"href":"https:\/\/eluxeclima.com\/es\/wp-json\/wp\/v2\/comments?post=807"}],"version-history":[{"count":2,"href":"https:\/\/eluxeclima.com\/es\/wp-json\/wp\/v2\/pages\/807\/revisions"}],"predecessor-version":[{"id":828,"href":"https:\/\/eluxeclima.com\/es\/wp-json\/wp\/v2\/pages\/807\/revisions\/828"}],"wp:attachment":[{"href":"https:\/\/eluxeclima.com\/es\/wp-json\/wp\/v2\/media?parent=807"}],"curies":[{"name":"wp","href":"https:\/\/api.w.org\/{rel}","templated":true}]}}