{"id":808,"date":"2024-09-17T06:39:04","date_gmt":"2024-09-17T06:39:04","guid":{"rendered":"https:\/\/eluxeclima.com\/?page_id=808"},"modified":"2024-09-17T06:41:26","modified_gmt":"2024-09-17T06:41:26","slug":"grow-light-el-led720wd","status":"publish","type":"page","link":"https:\/\/eluxeclima.com\/es\/grow-light-el-led720wd\/","title":{"rendered":"Grow Light EL-LED720WD"},"content":{"rendered":"<div class=\"wpb-content-wrapper\">[vc_row][vc_column width=\u00bb5\/12&#8243;]<div class=\"wpex-slider-preloaderimg \"><img loading=\"lazy\" decoding=\"async\" data-no-lazy=\"1\" class=\"skip-lazy\" src=\"https:\/\/eluxeclima.com\/wp-content\/uploads\/2024\/09\/Eluxe-Grow-Light-Lite_Driver.png\" alt=\"\" width=\"4479\" height=\"1854\" \/><\/div><div class=\"vcex-module wpex-slider slider-pro no-margin-thumbnails vcex-image-gallery-slider wpex-clr\" data-thumbnails=\"true\" data-thumbnail-height=\"auto\" data-auto-play-delay=\"5000\" data-animation-speed=\"600\" data-height-animation-duration=\"500\"><div class=\"wpex-slider-slides sp-slides\"><div class=\"wpex-slider-slide sp-slide\"><div class=\"wpex-slider-media\"><img loading=\"lazy\" decoding=\"async\" data-no-lazy=\"1\" class=\"skip-lazy\" src=\"https:\/\/eluxeclima.com\/wp-content\/uploads\/2024\/09\/Eluxe-Grow-Light-Lite_Driver.png\" alt=\"\" width=\"4479\" height=\"1854\" \/><\/div><\/div><\/div><div class=\"wpex-slider-thumbnails sp-nc-thumbnails cols-5\"><img loading=\"lazy\" decoding=\"async\" data-no-lazy=\"1\" class=\"wpex-slider-thumbnail sp-nc-thumbnail skip-lazy\" src=\"https:\/\/eluxeclima.com\/wp-content\/uploads\/2024\/09\/Eluxe-Grow-Light-Lite_Driver.png\" alt=\"\" width=\"4479\" height=\"1854\" \/><\/div><\/div>[\/vc_column][vc_column width=\u00bb2\/12&#8243;][\/vc_column][vc_column width=\u00bb5\/12&#8243;][vc_custom_heading text=\u00bbGrow Light EL-LED720WD\u00bb font_container=\u00bbtag:h1|text_align:left\u00bb use_theme_fonts=\u00bbyes\u00bb][vc_empty_space][vc_column_text]<strong>Optimiza tu cultivo con nuestra LED Grow Light de alta eficiencia<\/strong><\/p>\n<p>Nuestra <strong>LED Grow Light<\/strong> te ofrece todo lo que necesitas para potenciar el crecimiento de tus plantas de manera profesional y eficiente. Con caracter\u00edsticas innovadoras, este sistema de iluminaci\u00f3n se adapta a tus necesidades:<\/p>\n<ul>\n<li><strong>Eficiencia energ\u00e9tica de hasta 2.7 \u00b5mol\/J <\/strong>para un crecimiento \u00f3ptimo (seg\u00fan modelo).<\/li>\n<li><strong>Estructura ligera<\/strong>, f\u00e1cil de instalar y manipular, perfecta para cualquier espacio.<\/li>\n<li><strong>Protecci\u00f3n IP65<\/strong>, resistente al polvo y al agua, ideal para ambientes desafiantes.<\/li>\n<li><strong>Control centralizado<\/strong> para gestionar todas tus luces desde un solo lugar.<\/li>\n<li><strong>Plug and play,<\/strong> lista para usar sin necesidad de configuraciones complejas.<\/li>\n<li><strong>Baja temperatura,<\/strong> mant\u00e9n un ambiente fresco y seguro para tus plantas.<\/li>\n<\/ul>\n<p>Luz eficiente, resultados visibles. Mejora tu producci\u00f3n con nuestra tecnolog\u00eda de iluminaci\u00f3n avanzada.[\/vc_column_text][vc_empty_space][vc_separator][vc_column_text css=\u00bb.vc_custom_1726555135632{margin-top: 30px !important;margin-bottom: 30px !important;}\u00bb]<a href=\"https:\/\/eluxeclima.com\/wp-content\/uploads\/2024\/09\/EL-LED720WD.pdf\">Ficha de producto<\/a>[\/vc_column_text][vc_separator][\/vc_column][\/vc_row]\n<\/div>","protected":false},"excerpt":{"rendered":"<p>[vc_row][vc_column width=\u00bb5\/12&#8243;][\/vc_column][vc_column width=\u00bb2\/12&#8243;][\/vc_column][vc_column width=\u00bb5\/12&#8243;][vc_custom_heading text=\u00bbGrow Light EL-LED720WD\u00bb font_container=\u00bbtag:h1|text_align:left\u00bb use_theme_fonts=\u00bbyes\u00bb][vc_empty_space][vc_column_text]Optimiza tu cultivo con nuestra LED Grow Light de alta eficiencia Nuestra LED Grow Light te ofrece todo lo que necesitas para potenciar el crecimiento de tus plantas de manera profesional y&hellip;<\/p>\n","protected":false},"author":2,"featured_media":0,"parent":0,"menu_order":0,"comment_status":"closed","ping_status":"closed","template":"","meta":{"footnotes":""},"class_list":["post-808","page","type-page","status-publish","hentry","entry","no-media"],"_links":{"self":[{"href":"https:\/\/eluxeclima.com\/es\/wp-json\/wp\/v2\/pages\/808","targetHints":{"allow":["GET"]}}],"collection":[{"href":"https:\/\/eluxeclima.com\/es\/wp-json\/wp\/v2\/pages"}],"about":[{"href":"https:\/\/eluxeclima.com\/es\/wp-json\/wp\/v2\/types\/page"}],"author":[{"embeddable":true,"href":"https:\/\/eluxeclima.com\/es\/wp-json\/wp\/v2\/users\/2"}],"replies":[{"embeddable":true,"href":"https:\/\/eluxeclima.com\/es\/wp-json\/wp\/v2\/comments?post=808"}],"version-history":[{"count":3,"href":"https:\/\/eluxeclima.com\/es\/wp-json\/wp\/v2\/pages\/808\/revisions"}],"predecessor-version":[{"id":833,"href":"https:\/\/eluxeclima.com\/es\/wp-json\/wp\/v2\/pages\/808\/revisions\/833"}],"wp:attachment":[{"href":"https:\/\/eluxeclima.com\/es\/wp-json\/wp\/v2\/media?parent=808"}],"curies":[{"name":"wp","href":"https:\/\/api.w.org\/{rel}","templated":true}]}}