{"id":433,"date":"2021-05-12T14:13:32","date_gmt":"2021-05-12T14:13:32","guid":{"rendered":"https:\/\/eluxeclima.com\/amber-multisplit\/"},"modified":"2021-05-25T11:31:42","modified_gmt":"2021-05-25T11:31:42","slug":"amber-multisplit","status":"publish","type":"page","link":"https:\/\/eluxeclima.com\/pt-pt\/amber-multisplit\/","title":{"rendered":"Amber Multisplit"},"content":{"rendered":"<div class=\"wpb-content-wrapper\">[vc_row][vc_column width=&#8221;5\/12&#8243;]<div class=\"wpex-slider-preloaderimg \"><img loading=\"lazy\" decoding=\"async\" data-no-lazy=\"1\" class=\"skip-lazy\" src=\"https:\/\/eluxeclima.com\/wp-content\/uploads\/2021\/05\/eluxe_multi_ambiente.jpg\" alt=\"\" width=\"1200\" height=\"1200\" \/><\/div><div class=\"vcex-module wpex-slider slider-pro no-margin-thumbnails vcex-image-gallery-slider wpex-clr\" data-thumbnails=\"true\" data-thumbnail-height=\"auto\" data-auto-play-delay=\"5000\" data-animation-speed=\"600\" data-height-animation-duration=\"500\"><div class=\"wpex-slider-slides sp-slides\"><div class=\"wpex-slider-slide sp-slide\"><div class=\"wpex-slider-media\"><img loading=\"lazy\" decoding=\"async\" data-no-lazy=\"1\" class=\"skip-lazy\" src=\"https:\/\/eluxeclima.com\/wp-content\/uploads\/2021\/05\/eluxe_multi_ambiente.jpg\" alt=\"\" width=\"1200\" height=\"1200\" \/><\/div><\/div><div class=\"wpex-slider-slide sp-slide\"><div class=\"wpex-slider-media\"><img loading=\"lazy\" decoding=\"async\" data-no-lazy=\"1\" class=\"skip-lazy\" src=\"https:\/\/eluxeclima.com\/wp-content\/uploads\/2021\/05\/eluxe_multi_idu.jpg\" alt=\"\" width=\"1200\" height=\"1200\" \/><\/div><\/div><\/div><div class=\"wpex-slider-thumbnails sp-nc-thumbnails cols-5\"><img loading=\"lazy\" decoding=\"async\" data-no-lazy=\"1\" class=\"wpex-slider-thumbnail sp-nc-thumbnail skip-lazy\" src=\"https:\/\/eluxeclima.com\/wp-content\/uploads\/2021\/05\/eluxe_multi_ambiente.jpg\" alt=\"\" width=\"1200\" height=\"1200\" \/><img loading=\"lazy\" decoding=\"async\" data-no-lazy=\"1\" class=\"wpex-slider-thumbnail sp-nc-thumbnail skip-lazy\" src=\"https:\/\/eluxeclima.com\/wp-content\/uploads\/2021\/05\/eluxe_multi_idu.jpg\" alt=\"\" width=\"1200\" height=\"1200\" \/><\/div><\/div>[\/vc_column][vc_column width=&#8221;2\/12&#8243;][\/vc_column][vc_column width=&#8221;5\/12&#8243;][vc_custom_heading text=&#8221;Amber Multisplit&#8221; font_container=&#8221;tag:h1|text_align:left&#8221; use_theme_fonts=&#8221;yes&#8221;][vc_empty_space][vc_column_text]\n<ul>\n<li><strong>Controle de voz:<\/strong> ao adicionar o acess\u00f3rio opcional Wi-fi ao split, ele permite que voc\u00ea controle o dispositivo por meio de alto-falantes, como Google Home ou Amazon Alexa.<\/li>\n<li><strong>Prote\u00e7\u00e3o Golden Fin:<\/strong> Prote\u00e7\u00e3o anticorrosiva e antioxidante nas unidades internas e externas.<\/li>\n<li><strong>Temporizador de 24 horas:<\/strong> pode ser configurado para ligar ou desligar automaticamente a unidade em um per\u00edodo de 24 horas.<\/li>\n<li><strong>Modo silencioso:<\/strong> A unidade foi projetada para operar com o n\u00edvel de ru\u00eddo mais baixo gra\u00e7as a uma velocidade do ventilador bastante reduzida.<\/li>\n<li><strong>Autolimpante:<\/strong> Este sistema congela a bateria e a descongela rapidamente, removendo poeira, mofo e graxa e qualquer sujeira que possa se acumular.<\/li>\n<\/ul>\n[\/vc_column_text][vc_empty_space]<div class=\"vcex-image-grid-wrap wpex-clr\"><div class=\"vcex-module vcex-image-grid wpex-clr grid-style-default wpex-row wpex-lightbox-group\"><div class=\"id-719 vcex-image-grid-entry vcex-grid-item textcenter span_1_of_4 col col-1\"><figure class=\"vcex-image-grid-entry-figure wpex-last-mb-0 wpex-clr\"><div class=\"vcex-image-grid-entry-img entry-media wpex-mb-20\"><a href=\"https:\/\/eluxeclima.com\/wp-content\/uploads\/2021\/05\/scop_A.png\" class=\"vcex-image-grid-entry-img wpex-lightbox-group-item\" ><img decoding=\"async\" loading=\"lazy\" class=\"wpex-align-middle\" src=\"https:\/\/eluxeclima.com\/wp-content\/uploads\/2021\/05\/scop_A.png\" alt=\"\" width=\"81\" height=\"35\" \/><\/a><\/div><\/figure><\/div><div class=\"id-738 vcex-image-grid-entry vcex-grid-item textcenter span_1_of_4 col col-2\"><figure class=\"vcex-image-grid-entry-figure wpex-last-mb-0 wpex-clr\"><div class=\"vcex-image-grid-entry-img entry-media wpex-mb-20\"><a href=\"https:\/\/eluxeclima.com\/wp-content\/uploads\/2021\/05\/seer_A.png\" class=\"vcex-image-grid-entry-img wpex-lightbox-group-item\" ><img decoding=\"async\" loading=\"lazy\" class=\"wpex-align-middle\" src=\"https:\/\/eluxeclima.com\/wp-content\/uploads\/2021\/05\/seer_A.png\" alt=\"\" width=\"81\" height=\"35\" \/><\/a><\/div><\/figure><\/div><div class=\"id-731 vcex-image-grid-entry vcex-grid-item textcenter span_1_of_4 col col-3\"><figure class=\"vcex-image-grid-entry-figure wpex-last-mb-0 wpex-clr\"><div class=\"vcex-image-grid-entry-img entry-media wpex-mb-20\"><a href=\"https:\/\/eluxeclima.com\/wp-content\/uploads\/2021\/05\/scop_warmer_A-1.png\" class=\"vcex-image-grid-entry-img wpex-lightbox-group-item\" ><img decoding=\"async\" loading=\"lazy\" class=\"wpex-align-middle\" src=\"https:\/\/eluxeclima.com\/wp-content\/uploads\/2021\/05\/scop_warmer_A-1.png\" alt=\"\" width=\"81\" height=\"35\" \/><\/a><\/div><\/figure><\/div><\/div><\/div>[vc_empty_space][vc_separator][vc_column_text css=&#8221;.vc_custom_1621942178839{margin-top: 30px !important;margin-bottom: 30px !important;}&#8221;]<a href=\"https:\/\/eluxeclima.com\/doc\/FT%20AMBER%20R32_MULTI_PT.pdf\">Detalhes do produto<\/a>[\/vc_column_text][vc_separator][\/vc_column][\/vc_row]\n<\/div>","protected":false},"excerpt":{"rendered":"<p>[vc_row][vc_column width=&#8221;5\/12&#8243;][\/vc_column][vc_column width=&#8221;2\/12&#8243;][\/vc_column][vc_column width=&#8221;5\/12&#8243;][vc_custom_heading text=&#8221;Amber Multisplit&#8221; font_container=&#8221;tag:h1|text_align:left&#8221; use_theme_fonts=&#8221;yes&#8221;][vc_empty_space][vc_column_text] Controle de voz: ao adicionar o acess\u00f3rio opcional Wi-fi ao split, ele permite que voc\u00ea controle o dispositivo por meio de alto-falantes, como Google Home ou Amazon Alexa. Prote\u00e7\u00e3o Golden Fin: Prote\u00e7\u00e3o&hellip;<\/p>\n","protected":false},"author":2,"featured_media":0,"parent":0,"menu_order":0,"comment_status":"closed","ping_status":"closed","template":"","meta":{"footnotes":""},"class_list":["post-433","page","type-page","status-publish","hentry","entry","no-media"],"_links":{"self":[{"href":"https:\/\/eluxeclima.com\/pt-pt\/wp-json\/wp\/v2\/pages\/433","targetHints":{"allow":["GET"]}}],"collection":[{"href":"https:\/\/eluxeclima.com\/pt-pt\/wp-json\/wp\/v2\/pages"}],"about":[{"href":"https:\/\/eluxeclima.com\/pt-pt\/wp-json\/wp\/v2\/types\/page"}],"author":[{"embeddable":true,"href":"https:\/\/eluxeclima.com\/pt-pt\/wp-json\/wp\/v2\/users\/2"}],"replies":[{"embeddable":true,"href":"https:\/\/eluxeclima.com\/pt-pt\/wp-json\/wp\/v2\/comments?post=433"}],"version-history":[{"count":4,"href":"https:\/\/eluxeclima.com\/pt-pt\/wp-json\/wp\/v2\/pages\/433\/revisions"}],"predecessor-version":[{"id":770,"href":"https:\/\/eluxeclima.com\/pt-pt\/wp-json\/wp\/v2\/pages\/433\/revisions\/770"}],"wp:attachment":[{"href":"https:\/\/eluxeclima.com\/pt-pt\/wp-json\/wp\/v2\/media?parent=433"}],"curies":[{"name":"wp","href":"https:\/\/api.w.org\/{rel}","templated":true}]}}