{"id":530,"date":"2015-01-16T22:02:10","date_gmt":"2015-01-16T22:02:10","guid":{"rendered":"https:\/\/eluxeclima.com\/home-2\/"},"modified":"2021-05-25T07:03:49","modified_gmt":"2021-05-25T07:03:49","slug":"home-2","status":"publish","type":"page","link":"https:\/\/eluxeclima.com\/pt-pt\/","title":{"rendered":"Home"},"content":{"rendered":"<div class=\"wpb-content-wrapper\">[vc_row full_width=&#8221;stretch_row_content_no_spaces&#8221; remove_bottom_col_margin=&#8221;true&#8221;][vc_column]<div class=\"avt_masterslider_el \" >\n\t\t<!-- MasterSlider -->\n\t\t<div id=\"P_MS69e4adcf55e83\" class=\"master-slider-parent ms-parent-id-7\"  >\n\n\t\t\t\n\t\t\t<!-- MasterSlider Main -->\n\t\t\t<div id=\"MS69e4adcf55e83\" class=\"master-slider ms-skin-default\" >\n\t\t\t\t \t\t\t\t \n<div class=\"ms-overlay-layers\">\t\t\t\t\t<img decoding=\"async\"  class=\"ms-layer\" src=\"https:\/\/eluxeclima.com\/wp-content\/plugins\/masterslider_2\/public\/assets\/css\/blank.gif\" data-src=\"\" alt=\"\" style=\"\"     data-ease=\"easeOutQuint\"        data-type=\"image\"          data-wait=\"true\" data-offset-x=\"0\" data-offset-y=\"0\" data-origin=\"tl\"  \/>\n\n<\/div>\n\t\t\t<div  class=\"ms-slide\" data-delay=\"5\" data-fill-mode=\"fill\"  data-id=\"slide1\"  >\n\t\t\t\t\t<img decoding=\"async\" src=\"https:\/\/eluxeclima.com\/wp-content\/plugins\/masterslider_2\/public\/assets\/css\/blank.gif\" alt=\"\" title=\"offroad-bg-slide1\" data-src=\"https:\/\/eluxeclima.com\/wp-content\/uploads\/2021\/05\/split_amber_eluxeimage.jpg\" \/>\n\n\t\t\t\t\t<div  class=\"ms-layer  msp-cn-5-26\" style=\"\"   data-effect=\"t(true,100,n,n,n,n,n,n,n,n,n,n,n,n,n)\" data-duration=\"2000\" data-delay=\"800\" data-ease=\"easeOutQuint\"                data-offset-x=\"97\" data-offset-y=\"132\" data-origin=\"tl\"   >\nQUALIDADE DO AR<\/div>\n\n\t\t\t\t\t<div  class=\"ms-layer  msp-cn-5-28\" style=\"\"   data-effect=\"t(true,180,n,n,n,n,n,n,n,n,n,n,n,n,n)\" data-duration=\"2000\" data-delay=\"1200\" data-ease=\"easeOutQuint\"                data-offset-x=\"96\" data-offset-y=\"251\" data-origin=\"tl\"   >\nPARA CASA<\/div>\n\n\n\t\t\t\t<\/div>\n\n\t\t\t<\/div>\n\t\t\t<!-- END MasterSlider Main -->\n\n\t\t\t \n\t\t<\/div>\n\t\t<!-- END MasterSlider -->\n\n\t\t<script>\n\t\t( window.MSReady = window.MSReady || [] ).push( function( $ ) {\n\n\t\t\t\"use strict\";\n\t\t\tvar masterslider_5e83 = new MasterSlider();\n\n\t\t\t\/\/ slider controls\n\t\t\t\/\/ slider setup\n\t\t\tmasterslider_5e83.setup(\"MS69e4adcf55e83\", {\n\t\t\t\twidth           : 1366,\n\t\t\t\theight          : 750,\n\t\t\t\tminHeight       : 0,\n\t\t\t\tspace           : 0,\n\t\t\t\tstart           : 1,\n\t\t\t\tgrabCursor      : false,\n\t\t\t\tswipe           : false,\n\t\t\t\tmouse           : false,\n\t\t\t\tkeyboard        : false,\n\t\t\t\tlayout          : \"fullwidth\",\n\t\t\t\twheel           : false,\n\t\t\t\tautoplay        : false,\n                instantStartLayers:false,\n\t\t\t\tmobileBGVideo:false,\n\t\t\t\tloop            : true,\n\t\t\t\tshuffle         : false,\n\t\t\t\tpreload         : 0,\n\t\t\t\theightLimit     : true,\n\t\t\t\tautoHeight      : false,\n\t\t\t\tsmoothHeight    : true,\n\t\t\t\tendPause        : true,\n\t\t\t\toverPause       : true,\n\t\t\t\tfillMode        : \"fill\",\n\t\t\t\tcenterControls  : false,\n\t\t\t\tstartOnAppear   : false,\n\t\t\t\tlayersMode      : \"center\",\n\t\t\t\tautofillTarget  : \"\",\n\t\t\t\thideLayers      : false,\n\t\t\t\tfullscreenMargin: 0,\n\t\t\t\tspeed           : 20,\n\t\t\t\tdir             : \"h\",\n\t\t\t\tresponsive      : true,\n\t\t\t\ttabletWidth     : 768,\n\t\t\t\ttabletHeight    : null,\n\t\t\t\tphoneWidth      : 480,\n\t\t\t\tphoneHeight    : null,\n\t\t\t\tsizingReference : window,\n\t\t\t\tparallaxMode    : 'swipe',\n\t\t\t\tview            : \"parallaxMask\"\n\t\t\t});\n\n\t\t\t\n\t\t\t$(\"head\").append( \"<link rel='stylesheet' id='ms-fonts'  href='\/\/fonts.googleapis.com\/css?family=Oswald:600,200' type='text\/css' media='all' \/>\" );\n\n\t\t\twindow.masterslider_instances = window.masterslider_instances || [];\n\t\t\twindow.masterslider_instances.push( masterslider_5e83 );\n\t\t});\n\t\t<\/script>\n\n<\/div>[\/vc_column][\/vc_row][vc_row column_spacing=&#8221;60&#8243; gap=&#8221;35&#8243; css=&#8221;.vc_custom_1620214199855{padding-top: 60px !important;padding-bottom: 20px !important;}&#8221;][vc_column width=&#8221;1\/2&#8243;][vc_custom_heading text=&#8221;Eluxe Clima, para melhorar a climatiza\u00e7\u00e3o da sua casa&#8221; font_container=&#8221;tag:h1|text_align:left&#8221; use_theme_fonts=&#8221;yes&#8221;][vc_empty_space][vc_column_text]\n<div class=\"elementor-column elementor-col-33 elementor-inner-column elementor-element elementor-element-928182a\" data-id=\"928182a\" data-element_type=\"column\">\n<div class=\"elementor-column-wrap elementor-element-populated\">\n<div class=\"elementor-widget-wrap\">\n<div class=\"elementor-element elementor-element-59f9a77 elementor-widget elementor-widget-text-editor\" data-id=\"59f9a77\" data-element_type=\"widget\" data-widget_type=\"text-editor.default\">\n<div class=\"elementor-widget-container\">\n<div class=\"elementor-text-editor elementor-clearfix\">\n<p>O ar \u00e9 essencial para a nossa exist\u00eancia, por isso o nosso compromisso em oferecer tecnologias e solu\u00e7\u00f5es inovadoras, passa a ser a cria\u00e7\u00e3o de equipamentos de climatiza\u00e7\u00e3o que garantam o bem-estar da sociedade.<\/p>\n<p>Eluxe, marca exclusiva da Leroy Merlin, \u00e9 sin\u00f4nimo de garantia e qualidade. Uma marca que est\u00e1 empenhada em oferecer o melhor conforto e climatiza\u00e7\u00e3o sustent\u00e1vel e eficiente, tendo sempre em conta a oferta de uma qualidade do ar interior imbat\u00edvel.<\/p>\n<\/div>\n<\/div>\n<\/div>\n<\/div>\n<\/div>\n<\/div>\n[\/vc_column_text][\/vc_column][vc_column width=&#8221;1\/2&#8243;][vc_single_image image=&#8221;254&#8243;][\/vc_column][\/vc_row][vc_row column_spacing=&#8221;40&#8243;][vc_column][vc_custom_heading text=&#8221;Nossos produtos&#8221; use_theme_fonts=&#8221;yes&#8221;][vc_empty_space]<div class=\"carousel-slider-outer carousel-slider-outer-image-carousel carousel-slider-outer-663\" style=\"--carousel-slider-nav-color:#f28e27;--carousel-slider-active-nav-color:#00d1b2;--carousel-slider-arrow-size:48px;--carousel-slider-bullet-size:10px\">\n<div id=\"&#039;id-663\" class=\"carousel-slider carousel-slider-663 arrows-visibility-always dots-visibility-never arrows-outside dots-left dots-square owl-carousel\" data-slide-type=\"image-carousel\" data-owl-settings='{\"nav\":true,\"dots\":false,\"slideBy\":1,\"stagePadding\":0,\"margin\":20,\"loop\":true,\"lazyLoad\":false,\"autoplay\":false,\"autoplayTimeout\":5000,\"autoplaySpeed\":500,\"autoplayHoverPause\":false,\"autoWidth\":true,\"responsive\":{\"300\":{\"items\":1},\"576\":{\"items\":2},\"768\":{\"items\":2},\"1024\":{\"items\":3},\"1280\":{\"items\":4},\"1536\":{\"items\":5}}}'>\n<div class=\"carousel-slider__item\">\n\t<a href=\"https:\/\/eluxeclima.com\/pt-pt\/split-amber\/\" target=\"_self\"><img loading=\"lazy\" decoding=\"async\" width=\"400\" height=\"400\" src=\"https:\/\/eluxeclima.com\/wp-content\/uploads\/2021\/05\/eluxe_amberr32_ambiente-3-400x400.jpg\" class=\"attachment-medium size-medium\" alt=\"\" \/><div class=\"carousel-slider__caption\"><h4 class=\"title\">Amber R32 &gt;<\/h4><\/div><\/a><\/div>\n\n<div class=\"carousel-slider__item\">\n\t<a href=\"https:\/\/eluxeclima.com\/pt-pt\/amber-basic\/\" target=\"_self\"><img loading=\"lazy\" decoding=\"async\" width=\"400\" height=\"400\" src=\"https:\/\/eluxeclima.com\/wp-content\/uploads\/2021\/05\/eluxe_amberbasic_ambiente-3-400x400.jpg\" class=\"attachment-medium size-medium\" alt=\"\" \/><div class=\"carousel-slider__caption\"><h4 class=\"title\">Amber Basic &gt;<\/h4><\/div><\/a><\/div>\n\n<div class=\"carousel-slider__item\">\n\t<a href=\"https:\/\/eluxeclima.com\/pt-pt\/amber-2\/\" target=\"_self\"><img loading=\"lazy\" decoding=\"async\" width=\"400\" height=\"400\" src=\"https:\/\/eluxeclima.com\/wp-content\/uploads\/2021\/05\/eluxe_amber2_ambiente-3-400x400.jpg\" class=\"attachment-medium size-medium\" alt=\"\" \/><div class=\"carousel-slider__caption\"><h4 class=\"title\">Amber 2 &gt;<\/h4><\/div><\/a><\/div>\n\n<div class=\"carousel-slider__item\">\n\t<a href=\"https:\/\/eluxeclima.com\/pt-pt\/amber-multisplit\/\" target=\"_self\"><img loading=\"lazy\" decoding=\"async\" width=\"400\" height=\"400\" src=\"https:\/\/eluxeclima.com\/wp-content\/uploads\/2021\/05\/eluxe_multi_ambiente-3-400x400.jpg\" class=\"attachment-medium size-medium\" alt=\"\" \/><div class=\"carousel-slider__caption\"><h4 class=\"title\">Amber Multisplit &gt;<\/h4><\/div><\/a><\/div>\n\n<\/div><!-- .carousel-slider-663 -->\n<\/div><!-- .carousel-slider-outer-663 -->\n[\/vc_column][\/vc_row][vc_row column_spacing=&#8221;40&#8243;][vc_column][vc_empty_space][vc_custom_heading text=&#8221;Onde comprar?&#8221; use_theme_fonts=&#8221;yes&#8221;][\/vc_column][\/vc_row][vc_row full_width=&#8221;stretch_row_content_no_spaces&#8221;][vc_column][vc_raw_html]JTVCbWFwcHJlc3MlMjBtYXBpZCUzRCUyMjElMjIlNUQ=[\/vc_raw_html][\/vc_column][\/vc_row]\n<\/div>","protected":false},"excerpt":{"rendered":"<p>[vc_row full_width=&#8221;stretch_row_content_no_spaces&#8221; remove_bottom_col_margin=&#8221;true&#8221;][vc_column][\/vc_column][\/vc_row][vc_row column_spacing=&#8221;60&#8243; gap=&#8221;35&#8243; css=&#8221;.vc_custom_1620214199855{padding-top: 60px !important;padding-bottom: 20px !important;}&#8221;][vc_column width=&#8221;1\/2&#8243;][vc_custom_heading text=&#8221;Eluxe Clima, para melhorar a climatiza\u00e7\u00e3o da sua casa&#8221; font_container=&#8221;tag:h1|text_align:left&#8221; use_theme_fonts=&#8221;yes&#8221;][vc_empty_space][vc_column_text] O ar \u00e9 essencial para a nossa exist\u00eancia, por isso o nosso compromisso em oferecer tecnologias e solu\u00e7\u00f5es&hellip;<\/p>\n","protected":false},"author":2,"featured_media":0,"parent":0,"menu_order":0,"comment_status":"closed","ping_status":"closed","template":"","meta":{"footnotes":""},"class_list":["post-530","page","type-page","status-publish","hentry","entry","no-media"],"_links":{"self":[{"href":"https:\/\/eluxeclima.com\/pt-pt\/wp-json\/wp\/v2\/pages\/530","targetHints":{"allow":["GET"]}}],"collection":[{"href":"https:\/\/eluxeclima.com\/pt-pt\/wp-json\/wp\/v2\/pages"}],"about":[{"href":"https:\/\/eluxeclima.com\/pt-pt\/wp-json\/wp\/v2\/types\/page"}],"author":[{"embeddable":true,"href":"https:\/\/eluxeclima.com\/pt-pt\/wp-json\/wp\/v2\/users\/2"}],"replies":[{"embeddable":true,"href":"https:\/\/eluxeclima.com\/pt-pt\/wp-json\/wp\/v2\/comments?post=530"}],"version-history":[{"count":18,"href":"https:\/\/eluxeclima.com\/pt-pt\/wp-json\/wp\/v2\/pages\/530\/revisions"}],"predecessor-version":[{"id":690,"href":"https:\/\/eluxeclima.com\/pt-pt\/wp-json\/wp\/v2\/pages\/530\/revisions\/690"}],"wp:attachment":[{"href":"https:\/\/eluxeclima.com\/pt-pt\/wp-json\/wp\/v2\/media?parent=530"}],"curies":[{"name":"wp","href":"https:\/\/api.w.org\/{rel}","templated":true}]}}