{"id":650,"date":"2021-05-18T14:09:53","date_gmt":"2021-05-18T14:09:53","guid":{"rendered":"https:\/\/eluxeclima.com\/amber-2\/"},"modified":"2021-05-25T11:21:56","modified_gmt":"2021-05-25T11:21:56","slug":"amber-2","status":"publish","type":"page","link":"https:\/\/eluxeclima.com\/pt-pt\/amber-2\/","title":{"rendered":"Amber 2"},"content":{"rendered":"<div class=\"wpb-content-wrapper\">[vc_row][vc_column width=&#8221;5\/12&#8243;]<div class=\"wpex-slider-preloaderimg \"><img loading=\"lazy\" decoding=\"async\" data-no-lazy=\"1\" class=\"skip-lazy\" src=\"https:\/\/eluxeclima.com\/wp-content\/uploads\/2021\/05\/eluxe_amber2_ambiente.jpg\" alt=\"\" width=\"1200\" height=\"1200\" \/><\/div><div class=\"vcex-module wpex-slider slider-pro no-margin-thumbnails vcex-image-gallery-slider wpex-clr\" data-thumbnails=\"true\" data-thumbnail-height=\"auto\" data-auto-play-delay=\"5000\" data-animation-speed=\"600\" data-height-animation-duration=\"500\"><div class=\"wpex-slider-slides sp-slides\"><div class=\"wpex-slider-slide sp-slide\"><div class=\"wpex-slider-media\"><img loading=\"lazy\" decoding=\"async\" data-no-lazy=\"1\" class=\"skip-lazy\" src=\"https:\/\/eluxeclima.com\/wp-content\/uploads\/2021\/05\/eluxe_amber2_ambiente.jpg\" alt=\"\" width=\"1200\" height=\"1200\" \/><\/div><\/div><div class=\"wpex-slider-slide sp-slide\"><div class=\"wpex-slider-media\"><img loading=\"lazy\" decoding=\"async\" data-no-lazy=\"1\" class=\"skip-lazy\" src=\"https:\/\/eluxeclima.com\/wp-content\/uploads\/2021\/05\/eluxe_amber2_idu.jpg\" alt=\"\" width=\"1200\" height=\"1200\" \/><\/div><\/div><div class=\"wpex-slider-slide sp-slide\"><div class=\"wpex-slider-media\"><img loading=\"lazy\" decoding=\"async\" data-no-lazy=\"1\" class=\"skip-lazy\" src=\"https:\/\/eluxeclima.com\/wp-content\/uploads\/2021\/05\/eluxe_amber2_mando.jpg\" alt=\"\" width=\"1200\" height=\"1200\" \/><\/div><\/div><div class=\"wpex-slider-slide sp-slide\"><div class=\"wpex-slider-media\"><img loading=\"lazy\" decoding=\"async\" data-no-lazy=\"1\" class=\"skip-lazy\" src=\"https:\/\/eluxeclima.com\/wp-content\/uploads\/2021\/05\/eluxe_amber2_odu.jpg\" alt=\"\" width=\"1200\" height=\"1200\" \/><\/div><\/div><\/div><div class=\"wpex-slider-thumbnails sp-nc-thumbnails cols-5\"><img loading=\"lazy\" decoding=\"async\" data-no-lazy=\"1\" class=\"wpex-slider-thumbnail sp-nc-thumbnail skip-lazy\" src=\"https:\/\/eluxeclima.com\/wp-content\/uploads\/2021\/05\/eluxe_amber2_ambiente.jpg\" alt=\"\" width=\"1200\" height=\"1200\" \/><img loading=\"lazy\" decoding=\"async\" data-no-lazy=\"1\" class=\"wpex-slider-thumbnail sp-nc-thumbnail skip-lazy\" src=\"https:\/\/eluxeclima.com\/wp-content\/uploads\/2021\/05\/eluxe_amber2_idu.jpg\" alt=\"\" width=\"1200\" height=\"1200\" \/><img loading=\"lazy\" decoding=\"async\" data-no-lazy=\"1\" class=\"wpex-slider-thumbnail sp-nc-thumbnail skip-lazy\" src=\"https:\/\/eluxeclima.com\/wp-content\/uploads\/2021\/05\/eluxe_amber2_mando.jpg\" alt=\"\" width=\"1200\" height=\"1200\" \/><img loading=\"lazy\" decoding=\"async\" data-no-lazy=\"1\" class=\"wpex-slider-thumbnail sp-nc-thumbnail skip-lazy\" src=\"https:\/\/eluxeclima.com\/wp-content\/uploads\/2021\/05\/eluxe_amber2_odu.jpg\" alt=\"\" width=\"1200\" height=\"1200\" \/><\/div><\/div>[\/vc_column][vc_column width=&#8221;2\/12&#8243;][\/vc_column][vc_column width=&#8221;5\/12&#8243;][vc_custom_heading text=&#8221;Amber 2&#8243; font_container=&#8221;tag:h1|text_align:left&#8221; use_theme_fonts=&#8221;yes&#8221;][vc_empty_space][vc_column_text]\n<ul>\n<li><strong>Controle de voz:<\/strong> Permite controlar o dispositivo por meio de alto-falantes como Google Home ou Amazon Alexa, adicionando o acess\u00f3rio opcional Wi-fi ao split.<\/li>\n<li><strong>Prote\u00e7\u00e3o Golden Fin:<\/strong> Ideal para \u00e1reas salinas, o split oferece prote\u00e7\u00e3o anticorrosiva e antioxidante, tanto em unidades internas quanto externas.<\/li>\n<li><strong>Timer 24h:<\/strong> Permite a configura\u00e7\u00e3o autom\u00e1tica para que o equipamento ligue ou desligue em um per\u00edodo de 24 horas.<\/li>\n<li><strong>Modo silencioso:<\/strong> Gra\u00e7as \u00e0 baixa velocidade do ventilador, o equipamento opera com baixo n\u00edvel de ru\u00eddo.<\/li>\n<li><strong>Fun\u00e7\u00e3o de autolimpeza:<\/strong> Atrav\u00e9s do congelamento da bateria e posterior descongelamento, remove-se o p\u00f3, bolor e gorduras e toda a sujidade que se possa acumular.<\/li>\n<\/ul>\n[\/vc_column_text][vc_empty_space]<div class=\"vcex-image-grid-wrap wpex-clr\"><div class=\"vcex-module vcex-image-grid wpex-clr grid-style-default wpex-row wpex-lightbox-group\"><div class=\"id-741 vcex-image-grid-entry vcex-grid-item textcenter span_1_of_4 col col-1\"><figure class=\"vcex-image-grid-entry-figure wpex-last-mb-0 wpex-clr\"><div class=\"vcex-image-grid-entry-img entry-media wpex-mb-20\"><a href=\"https:\/\/eluxeclima.com\/wp-content\/uploads\/2021\/05\/seer_A-1.png\" class=\"vcex-image-grid-entry-img wpex-lightbox-group-item\" ><img decoding=\"async\" loading=\"lazy\" class=\"wpex-align-middle\" src=\"https:\/\/eluxeclima.com\/wp-content\/uploads\/2021\/05\/seer_A-1.png\" alt=\"\" width=\"81\" height=\"35\" \/><\/a><\/div><\/figure><\/div><div class=\"id-719 vcex-image-grid-entry vcex-grid-item textcenter span_1_of_4 col col-2\"><figure class=\"vcex-image-grid-entry-figure wpex-last-mb-0 wpex-clr\"><div class=\"vcex-image-grid-entry-img entry-media wpex-mb-20\"><a href=\"https:\/\/eluxeclima.com\/wp-content\/uploads\/2021\/05\/scop_A.png\" class=\"vcex-image-grid-entry-img wpex-lightbox-group-item\" ><img decoding=\"async\" loading=\"lazy\" class=\"wpex-align-middle\" src=\"https:\/\/eluxeclima.com\/wp-content\/uploads\/2021\/05\/scop_A.png\" alt=\"\" width=\"81\" height=\"35\" \/><\/a><\/div><\/figure><\/div><div class=\"id-734 vcex-image-grid-entry vcex-grid-item textcenter span_1_of_4 col col-3\"><figure class=\"vcex-image-grid-entry-figure wpex-last-mb-0 wpex-clr\"><div class=\"vcex-image-grid-entry-img entry-media wpex-mb-20\"><a href=\"https:\/\/eluxeclima.com\/wp-content\/uploads\/2021\/05\/scop_warmer_A-2.png\" class=\"vcex-image-grid-entry-img wpex-lightbox-group-item\" ><img decoding=\"async\" loading=\"lazy\" class=\"wpex-align-middle\" src=\"https:\/\/eluxeclima.com\/wp-content\/uploads\/2021\/05\/scop_warmer_A-2.png\" alt=\"\" width=\"81\" height=\"35\" \/><\/a><\/div><\/figure><\/div><\/div><\/div>[vc_empty_space][vc_separator][vc_column_text css=&#8221;.vc_custom_1621941657712{margin-top: 30px !important;margin-bottom: 30px !important;}&#8221;]<a href=\"https:\/\/eluxeclima.com\/doc\/FT_ELUXE_1X1_AMBER_2_R32_ML.pdf\">Ficha de producto<\/a>[\/vc_column_text][vc_separator]<div class=\"vcex-image-grid-wrap wpex-clr\"><div class=\"vcex-image-grid-css-wrapper vc_custom_1620828486854\"><div class=\"vcex-module vcex-image-grid wpex-clr grid-style-default wpex-row wpex-lightbox-group\"><div class=\"id-407 vcex-image-grid-entry vcex-grid-item textcenter span_1_of_4 col col-1\"><figure class=\"vcex-image-grid-entry-figure wpex-last-mb-0 wpex-clr\"><div class=\"vcex-image-grid-entry-img entry-media wpex-mb-20\"><a href=\"https:\/\/eluxeclima.com\/wp-content\/uploads\/2021\/05\/sistema_alexa.png\" class=\"vcex-image-grid-entry-img wpex-lightbox-group-item\" ><img decoding=\"async\" loading=\"lazy\" class=\"wpex-align-middle\" src=\"https:\/\/eluxeclima.com\/wp-content\/uploads\/2021\/05\/sistema_alexa.png\" alt=\"\" width=\"105\" height=\"62\" \/><\/a><\/div><\/figure><\/div><div class=\"id-411 vcex-image-grid-entry vcex-grid-item textcenter span_1_of_4 col col-2\"><figure class=\"vcex-image-grid-entry-figure wpex-last-mb-0 wpex-clr\"><div class=\"vcex-image-grid-entry-img entry-media wpex-mb-20\"><a href=\"https:\/\/eluxeclima.com\/wp-content\/uploads\/2021\/05\/google_home.png\" class=\"vcex-image-grid-entry-img wpex-lightbox-group-item\" ><img decoding=\"async\" loading=\"lazy\" class=\"wpex-align-middle\" src=\"https:\/\/eluxeclima.com\/wp-content\/uploads\/2021\/05\/google_home.png\" alt=\"\" width=\"86\" height=\"62\" \/><\/a><\/div><\/figure><\/div><\/div><\/div><\/div>[\/vc_column][\/vc_row]\n<\/div>","protected":false},"excerpt":{"rendered":"<p>[vc_row][vc_column width=&#8221;5\/12&#8243;][\/vc_column][vc_column width=&#8221;2\/12&#8243;][\/vc_column][vc_column width=&#8221;5\/12&#8243;][vc_custom_heading text=&#8221;Amber 2&#8243; font_container=&#8221;tag:h1|text_align:left&#8221; use_theme_fonts=&#8221;yes&#8221;][vc_empty_space][vc_column_text] Controle de voz: Permite controlar o dispositivo por meio de alto-falantes como Google Home ou Amazon Alexa, adicionando o acess\u00f3rio opcional Wi-fi ao split. Prote\u00e7\u00e3o Golden Fin: Ideal para \u00e1reas salinas, o&hellip;<\/p>\n","protected":false},"author":2,"featured_media":551,"parent":0,"menu_order":0,"comment_status":"closed","ping_status":"closed","template":"","meta":{"footnotes":""},"class_list":["post-650","page","type-page","status-publish","has-post-thumbnail","hentry","entry","no-media"],"_links":{"self":[{"href":"https:\/\/eluxeclima.com\/pt-pt\/wp-json\/wp\/v2\/pages\/650","targetHints":{"allow":["GET"]}}],"collection":[{"href":"https:\/\/eluxeclima.com\/pt-pt\/wp-json\/wp\/v2\/pages"}],"about":[{"href":"https:\/\/eluxeclima.com\/pt-pt\/wp-json\/wp\/v2\/types\/page"}],"author":[{"embeddable":true,"href":"https:\/\/eluxeclima.com\/pt-pt\/wp-json\/wp\/v2\/users\/2"}],"replies":[{"embeddable":true,"href":"https:\/\/eluxeclima.com\/pt-pt\/wp-json\/wp\/v2\/comments?post=650"}],"version-history":[{"count":3,"href":"https:\/\/eluxeclima.com\/pt-pt\/wp-json\/wp\/v2\/pages\/650\/revisions"}],"predecessor-version":[{"id":758,"href":"https:\/\/eluxeclima.com\/pt-pt\/wp-json\/wp\/v2\/pages\/650\/revisions\/758"}],"wp:featuredmedia":[{"embeddable":true,"href":"https:\/\/eluxeclima.com\/pt-pt\/wp-json\/wp\/v2\/media\/551"}],"wp:attachment":[{"href":"https:\/\/eluxeclima.com\/pt-pt\/wp-json\/wp\/v2\/media?parent=650"}],"curies":[{"name":"wp","href":"https:\/\/api.w.org\/{rel}","templated":true}]}}